{"id":2751,"date":"2022-01-04T13:43:34","date_gmt":"2022-01-04T13:43:34","guid":{"rendered":"https:\/\/ninetheme.com\/themes\/zank2\/?page_id=2751"},"modified":"2025-06-16T17:07:21","modified_gmt":"2025-06-16T17:07:21","slug":"home-landing","status":"publish","type":"page","link":"https:\/\/lamanuelamezcal.com\/en\/home-landing\/","title":{"rendered":"Home &#8211; Product Landing"},"content":{"rendered":"<div data-elementor-type=\"wp-page\" data-elementor-id=\"2751\" class=\"elementor elementor-2751\" data-elementor-post-type=\"page\">\n\t\t\t\t<div class=\"elementor-element elementor-element-3a1a2f9 e-flex e-con-boxed e-con e-parent\" data-id=\"3a1a2f9\" data-element_type=\"container\" data-settings=\"{&quot;background_background&quot;:&quot;classic&quot;}\">\n\t\t\t\t\t<div class=\"e-con-inner\">\n\t\t<div class=\"elementor-element elementor-element-ed5e12c e-con-full e-flex e-con e-child\" data-id=\"ed5e12c\" data-element_type=\"container\">\n\t\t\t\t<div class=\"elementor-element elementor-element-79b7215 elementor-widget elementor-widget-heading\" data-id=\"79b7215\" data-element_type=\"widget\" data-widget_type=\"heading.default\">\n\t\t\t\t<div class=\"elementor-widget-container\">\n\t\t\t\t\t<h6 class=\"elementor-heading-title elementor-size-default\">El mezcal es el resultado del amor del campo que nos da valor a nosotros c\u00f3mo\nmarca y la Manuela significa:<\/h6>\t\t\t\t<\/div>\n\t\t\t\t<\/div>\n\t\t\t\t<\/div>\n\t\t\t\t\t<\/div>\n\t\t\t\t<\/div>\n\t\t<div class=\"elementor-element elementor-element-7420f88 e-flex e-con-boxed e-con e-parent\" data-id=\"7420f88\" data-element_type=\"container\">\n\t\t\t\t\t<div class=\"e-con-inner\">\n\t\t<div class=\"elementor-element elementor-element-14f0a49 e-con-full e-flex e-con e-child\" data-id=\"14f0a49\" data-element_type=\"container\">\n\t\t<div class=\"elementor-element elementor-element-6226180 e-con-full e-flex e-con e-child\" data-id=\"6226180\" data-element_type=\"container\">\n\t\t\t\t<div class=\"elementor-element elementor-element-1bbf9ad elementor-widget elementor-widget-image\" data-id=\"1bbf9ad\" data-element_type=\"widget\" data-widget_type=\"image.default\">\n\t\t\t\t<div class=\"elementor-widget-container\">\n\t\t\t\t\t\t\t\t\t\t\t\t\t\t\t<img decoding=\"async\" src=\"https:\/\/lamanuelamezcal.com\/wp-content\/uploads\/elementor\/thumbs\/image00003-1-scaled-r755v6nmdrjfs6rz0r3u6y7x2xf2gnfb8uog44hiw4.jpeg\" title=\"image00003 (1)\" alt=\"image00003 (1)\" loading=\"lazy\" \/>\t\t\t\t\t\t\t\t\t\t\t\t\t\t\t<\/div>\n\t\t\t\t<\/div>\n\t\t\t\t<\/div>\n\t\t<div class=\"elementor-element elementor-element-d833a14 e-con-full e-flex e-con e-child\" data-id=\"d833a14\" data-element_type=\"container\" data-settings=\"{&quot;background_background&quot;:&quot;gradient&quot;}\">\n\t\t\t\t<div class=\"elementor-element elementor-element-e33b364 elementor-widget elementor-widget-heading\" data-id=\"e33b364\" data-element_type=\"widget\" data-widget_type=\"heading.default\">\n\t\t\t\t<div class=\"elementor-widget-container\">\n\t\t\t\t\t<h4 class=\"elementor-heading-title elementor-size-default\">Misi\u00f3n<\/h4>\t\t\t\t<\/div>\n\t\t\t\t<\/div>\n\t\t\t\t<div class=\"elementor-element elementor-element-6921f0a elementor-widget elementor-widget-heading\" data-id=\"6921f0a\" data-element_type=\"widget\" data-widget_type=\"heading.default\">\n\t\t\t\t<div class=\"elementor-widget-container\">\n\t\t\t\t\t<p class=\"elementor-heading-title elementor-size-default\">Nuestra misi\u00f3n es proporcionar a los consumidores un producto de alto valor artesanal\n\u00fanicos con historia y tradici\u00f3n del estado de Oaxaca, principal productor de mezcal en M\u00e9xico<\/p>\t\t\t\t<\/div>\n\t\t\t\t<\/div>\n\t\t\t\t<\/div>\n\t\t\t\t<\/div>\n\t\t<div class=\"elementor-element elementor-element-a76789d e-con-full e-flex e-con e-child\" data-id=\"a76789d\" data-element_type=\"container\">\n\t\t<div class=\"elementor-element elementor-element-9b006a3 e-flex e-con-boxed e-con e-child\" data-id=\"9b006a3\" data-element_type=\"container\">\n\t\t\t\t\t<div class=\"e-con-inner\">\n\t\t\t\t<div class=\"elementor-element elementor-element-8136317 elementor-widget elementor-widget-image\" data-id=\"8136317\" data-element_type=\"widget\" data-widget_type=\"image.default\">\n\t\t\t\t<div class=\"elementor-widget-container\">\n\t\t\t\t\t\t\t\t\t\t\t\t\t\t\t<img decoding=\"async\" src=\"https:\/\/lamanuelamezcal.com\/wp-content\/uploads\/elementor\/thumbs\/IMG_5998-copia-scaled-r7585qtanwk3j6uqxfu6747ffahojl6klhhrl22odg.jpg\" title=\"IMG_5998 copia\" alt=\"IMG_5998 copia\" loading=\"lazy\" \/>\t\t\t\t\t\t\t\t\t\t\t\t\t\t\t<\/div>\n\t\t\t\t<\/div>\n\t\t\t\t\t<\/div>\n\t\t\t\t<\/div>\n\t\t<div class=\"elementor-element elementor-element-c09ef5b e-flex e-con-boxed e-con e-child\" data-id=\"c09ef5b\" data-element_type=\"container\" data-settings=\"{&quot;background_background&quot;:&quot;gradient&quot;}\">\n\t\t\t\t\t<div class=\"e-con-inner\">\n\t\t\t\t<div class=\"elementor-element elementor-element-dee75f3 elementor-widget elementor-widget-heading\" data-id=\"dee75f3\" data-element_type=\"widget\" data-widget_type=\"heading.default\">\n\t\t\t\t<div class=\"elementor-widget-container\">\n\t\t\t\t\t<h4 class=\"elementor-heading-title elementor-size-default\">Visi\u00f3n<\/h4>\t\t\t\t<\/div>\n\t\t\t\t<\/div>\n\t\t\t\t<div class=\"elementor-element elementor-element-5332b69 elementor-widget elementor-widget-heading\" data-id=\"5332b69\" data-element_type=\"widget\" data-widget_type=\"heading.default\">\n\t\t\t\t<div class=\"elementor-widget-container\">\n\t\t\t\t\t<p class=\"elementor-heading-title elementor-size-default\">Promover y ayudar m\u00e1s a que la gran categor\u00eda del mezcal sea conocida no solo en\nM\u00e9xico sino en todo el mundo, como patrimonio gastron\u00f3mico l\u00edquido con profunda pasi\u00f3n que\nsale de la tradici\u00f3n de hombres y mujeres del campo del agave mexicano\n<\/p>\t\t\t\t<\/div>\n\t\t\t\t<\/div>\n\t\t\t\t\t<\/div>\n\t\t\t\t<\/div>\n\t\t\t\t<\/div>\n\t\t\t\t\t<\/div>\n\t\t\t\t<\/div>\n\t\t<div class=\"elementor-element elementor-element-a722467 e-flex e-con-boxed e-con e-parent\" data-id=\"a722467\" data-element_type=\"container\" data-settings=\"{&quot;background_background&quot;:&quot;classic&quot;}\">\n\t\t\t\t\t<div class=\"e-con-inner\">\n\t\t<div class=\"elementor-element elementor-element-752c1b4 e-con-full e-flex e-con e-child\" data-id=\"752c1b4\" data-element_type=\"container\">\n\t\t\t\t<div class=\"elementor-element elementor-element-8d614ab elementor-widget elementor-widget-heading\" data-id=\"8d614ab\" data-element_type=\"widget\" data-widget_type=\"heading.default\">\n\t\t\t\t<div class=\"elementor-widget-container\">\n\t\t\t\t\t<h4 class=\"elementor-heading-title elementor-size-default\">Respetar los procesos tradicionales de producci\u00f3n del mezcal de Oaxaca pero con un toque del\nM\u00e9xico moderno que se integra a la diversidad cultural y social del mundo en equidad constante. <\/h4>\t\t\t\t<\/div>\n\t\t\t\t<\/div>\n\t\t\t\t<\/div>\n\t\t\t\t\t<\/div>\n\t\t\t\t<\/div>\n\t\t<div class=\"elementor-element elementor-element-aaf17aa e-flex e-con-boxed e-con e-parent\" data-id=\"aaf17aa\" data-element_type=\"container\" data-settings=\"{&quot;background_background&quot;:&quot;classic&quot;}\">\n\t\t\t\t\t<div class=\"e-con-inner\">\n\t\t<div class=\"elementor-element elementor-element-b31f5b2 e-con-full e-flex e-con e-child\" data-id=\"b31f5b2\" data-element_type=\"container\">\n\t\t\t\t<div class=\"elementor-element elementor-element-d5664ad elementor-widget elementor-widget-heading\" data-id=\"d5664ad\" data-element_type=\"widget\" data-widget_type=\"heading.default\">\n\t\t\t\t<div class=\"elementor-widget-container\">\n\t\t\t\t\t<p class=\"elementor-heading-title elementor-size-default\">Maduraci\u00f3n de maguey espad\u00edn cap\u00f3n de 8 a\u00f1os. <br>\n\u2043Cocci\u00f3n en horno c\u00f3nico al piso por 4 d\u00edas. <br>\n\u2043Molienda en tahona con piedra. <br>\n\u2043Fermentaci\u00f3n en tinas de Sabino con levaduras naturales por 5 d\u00edas. <br>\n\u2043Doble destilaci\u00f3n en alambique de cobre.\nNotas sutiles de maguey cocido (calabaza o camote en dulce), herbalidad y flores blancas\nsutiles.<br>\nSu ahumado es muy ligero prueba de que la selecci\u00f3n de pi\u00f1as fueron solo las caramelizadas y\nseparando las carbonizadas. <br>\n<\/p>\t\t\t\t<\/div>\n\t\t\t\t<\/div>\n\t\t\t\t<\/div>\n\t\t<div class=\"elementor-element elementor-element-b9537f8 e-con-full e-flex e-con e-child\" data-id=\"b9537f8\" data-element_type=\"container\">\n\t\t\t\t<div class=\"elementor-element elementor-element-f3ccf8c elementor-widget elementor-widget-video\" data-id=\"f3ccf8c\" data-element_type=\"widget\" data-settings=\"{&quot;youtube_url&quot;:&quot;https:\\\/\\\/www.youtube.com\\\/watch?v=1DVerRm6RZ4&amp;t=2s&quot;,&quot;lazy_load&quot;:&quot;yes&quot;,&quot;autoplay&quot;:&quot;yes&quot;,&quot;play_on_mobile&quot;:&quot;yes&quot;,&quot;video_type&quot;:&quot;youtube&quot;}\" data-widget_type=\"video.default\">\n\t\t\t\t<div class=\"elementor-widget-container\">\n\t\t\t\t\t\t\t<div class=\"elementor-wrapper elementor-open-inline\">\n\t\t\t<div class=\"elementor-video\"><\/div>\t\t<\/div>\n\t\t\t\t\t\t<\/div>\n\t\t\t\t<\/div>\n\t\t\t\t<\/div>\n\t\t\t\t\t<\/div>\n\t\t\t\t<\/div>\n\t\t\t\t<\/div>","protected":false},"excerpt":{"rendered":"<p>El mezcal es el resultado del amor del campo que nos da valor a nosotros c\u00f3mo marca y la Manuela significa: RespetoAmorEquidadEquilibrioUni\u00f3nTradici\u00f3n Misi\u00f3n Nuestra misi\u00f3n es proporcionar a los consumidores un producto de alto valor artesanal \u00fanicos con historia y tradici\u00f3n del estado de Oaxaca, principal productor de mezcal en M\u00e9xico Visi\u00f3n Promover y ayudar [&hellip;]<\/p>","protected":false},"author":4,"featured_media":0,"parent":0,"menu_order":0,"comment_status":"closed","ping_status":"closed","template":"","meta":{"_acf_changed":false,"footnotes":""},"class_list":["post-2751","page","type-page","status-publish","hentry"],"acf":[],"_links":{"self":[{"href":"https:\/\/lamanuelamezcal.com\/en\/wp-json\/wp\/v2\/pages\/2751","targetHints":{"allow":["GET"]}}],"collection":[{"href":"https:\/\/lamanuelamezcal.com\/en\/wp-json\/wp\/v2\/pages"}],"about":[{"href":"https:\/\/lamanuelamezcal.com\/en\/wp-json\/wp\/v2\/types\/page"}],"author":[{"embeddable":true,"href":"https:\/\/lamanuelamezcal.com\/en\/wp-json\/wp\/v2\/users\/4"}],"replies":[{"embeddable":true,"href":"https:\/\/lamanuelamezcal.com\/en\/wp-json\/wp\/v2\/comments?post=2751"}],"version-history":[{"count":6,"href":"https:\/\/lamanuelamezcal.com\/en\/wp-json\/wp\/v2\/pages\/2751\/revisions"}],"predecessor-version":[{"id":11342,"href":"https:\/\/lamanuelamezcal.com\/en\/wp-json\/wp\/v2\/pages\/2751\/revisions\/11342"}],"wp:attachment":[{"href":"https:\/\/lamanuelamezcal.com\/en\/wp-json\/wp\/v2\/media?parent=2751"}],"curies":[{"name":"wp","href":"https:\/\/api.w.org\/{rel}","templated":true}]}}