{"id":11012,"date":"2025-06-10T07:36:14","date_gmt":"2025-06-10T07:36:14","guid":{"rendered":"https:\/\/lamanuelamezcal.com\/?post_type=product&#038;p=11012"},"modified":"2026-03-25T04:12:57","modified_gmt":"2026-03-25T04:12:57","slug":"mezcal-tamarindo-spicy","status":"publish","type":"product","link":"https:\/\/lamanuelamezcal.com\/en\/product\/mezcal-tamarindo-spicy\/","title":{"rendered":"TAMARINDO SPICY"},"content":{"rendered":"<p><strong>Mezcal 40\u00b0<\/strong><br \/>\nMezcal artesanal abocado con Tamarindo natural<br \/>\nAgave angustifolia haw, maguey espadin<br \/>\nSan Dionisio Ocotepec, Oaxaca.<\/p>\n<p><strong>Flavor Description:<\/strong><br \/>\nEn el olfato se perciben notas frescas principalmente<br \/>\nherbales, c\u00edtricas, te, lim\u00f3n, cedr\u00f3n, cascara de<br \/>\nnaranja y toronja.<br \/>\nAl gusto su primer ataque es amable y de percepci\u00f3n<br \/>\nalcoh\u00f3lica ligera; deja sensaci\u00f3n c\u00e1lida despu\u00e9s del<br \/>\ntrago y en postgusto persiste el olor de agave cocido<br \/>\ny los aromas herbales que refrescan el paladar y<br \/>\nhacen salivar.<br \/>\nSu dulzura, frescura y suavidad resultan cualidades<br \/>\nexcelentes para paladares sensibles.<\/p>\n<p><strong>Mezcal Master:<\/strong><br \/>\nHugo Cesar Garcia Gonz\u00e1le<\/p>","protected":false},"excerpt":{"rendered":"<p><strong>Mezcal 40\u00b0<\/strong><br \/>\nMezcal artesanal abocado con Tamarindo natural<br \/>\nAgave angustifolia haw, maguey espadin<br \/>\nSan Dionisio Ocotepec, Oaxaca.<\/p>\n<p><strong>Flavor Description:<\/strong><br \/>\nEn el olfato se perciben notas frescas principalmente<br \/>\nherbales, c\u00edtricas, te, lim\u00f3n, cedr\u00f3n, cascara de<br \/>\nnaranja y toronja.<br \/>\nAl gusto su primer ataque es amable y de percepci\u00f3n<br \/>\nalcoh\u00f3lica ligera; deja sensaci\u00f3n c\u00e1lida despu\u00e9s del<br \/>\ntrago y en postgusto persiste el olor de agave cocido<br \/>\ny los aromas herbales que refrescan el paladar y<br \/>\nhacen salivar.<br \/>\nSu dulzura, frescura y suavidad resultan cualidades<br \/>\nexcelentes para paladares sensibles.<\/p>\n<p><strong>Mezcal Master:<\/strong><br \/>\nHugo Cesar Garcia Gonz\u00e1le<\/p>","protected":false},"featured_media":13449,"comment_status":"open","ping_status":"closed","template":"","meta":{"_acf_changed":false},"product_brand":[70],"product_cat":[72,81],"product_tag":[],"class_list":{"0":"post-11012","1":"product","2":"type-product","3":"status-publish","4":"has-post-thumbnail","6":"product_brand-la-manuela-mezcal","7":"product_cat-mezcales","8":"product_cat-spicy","9":"product_shipping_class-2-day-delivery","11":"first","12":"instock","13":"shipping-taxable","14":"purchasable","15":"product-type-variable"},"acf":[],"_links":{"self":[{"href":"https:\/\/lamanuelamezcal.com\/en\/wp-json\/wp\/v2\/product\/11012","targetHints":{"allow":["GET"]}}],"collection":[{"href":"https:\/\/lamanuelamezcal.com\/en\/wp-json\/wp\/v2\/product"}],"about":[{"href":"https:\/\/lamanuelamezcal.com\/en\/wp-json\/wp\/v2\/types\/product"}],"replies":[{"embeddable":true,"href":"https:\/\/lamanuelamezcal.com\/en\/wp-json\/wp\/v2\/comments?post=11012"}],"version-history":[{"count":12,"href":"https:\/\/lamanuelamezcal.com\/en\/wp-json\/wp\/v2\/product\/11012\/revisions"}],"predecessor-version":[{"id":13473,"href":"https:\/\/lamanuelamezcal.com\/en\/wp-json\/wp\/v2\/product\/11012\/revisions\/13473"}],"wp:featuredmedia":[{"embeddable":true,"href":"https:\/\/lamanuelamezcal.com\/en\/wp-json\/wp\/v2\/media\/13449"}],"wp:attachment":[{"href":"https:\/\/lamanuelamezcal.com\/en\/wp-json\/wp\/v2\/media?parent=11012"}],"wp:term":[{"taxonomy":"product_brand","embeddable":true,"href":"https:\/\/lamanuelamezcal.com\/en\/wp-json\/wp\/v2\/product_brand?post=11012"},{"taxonomy":"product_cat","embeddable":true,"href":"https:\/\/lamanuelamezcal.com\/en\/wp-json\/wp\/v2\/product_cat?post=11012"},{"taxonomy":"product_tag","embeddable":true,"href":"https:\/\/lamanuelamezcal.com\/en\/wp-json\/wp\/v2\/product_tag?post=11012"}],"curies":[{"name":"wp","href":"https:\/\/api.w.org\/{rel}","templated":true}]}}